{"id":311,"date":"2024-10-02T15:03:58","date_gmt":"2024-10-02T15:03:58","guid":{"rendered":"https:\/\/koreanbeauty.fria.it\/politique-de-confidentialite\/"},"modified":"2024-10-11T13:24:55","modified_gmt":"2024-10-11T13:24:55","slug":"politique-de-confidentialite","status":"publish","type":"page","link":"https:\/\/koreanbeauty.fria.it\/fr\/politique-de-confidentialite\/","title":{"rendered":"Politique de confidentialit\u00e9"},"content":{"rendered":"<p>[et_pb_section fb_built=\u00a0\u00bb1&Prime; _builder_version=\u00a0\u00bb4.27.2&Prime; _module_preset=\u00a0\u00bbdefault\u00a0\u00bb global_colors_info=\u00a0\u00bb{}\u00a0\u00bb][et_pb_row _builder_version=\u00a0\u00bb4.27.2&Prime; _module_preset=\u00a0\u00bbdefault\u00a0\u00bb global_colors_info=\u00a0\u00bb{}\u00a0\u00bb][et_pb_column type=\u00a0\u00bb4_4&Prime; _builder_version=\u00a0\u00bb4.27.2&Prime; _module_preset=\u00a0\u00bbdefault\u00a0\u00bb global_colors_info=\u00a0\u00bb{}\u00a0\u00bb][et_pb_text _builder_version=\u00a0\u00bb4.27.2&Prime; _module_preset=\u00a0\u00bbdefault\u00a0\u00bb global_colors_info=\u00a0\u00bb{}\u00a0\u00bb]<\/p>\n<h2>Politique de confidentialit\u00e9<\/h2>\n<p>[\/et_pb_text][et_pb_text _builder_version=\u00a0\u00bb4.27.2&Prime; _module_preset=\u00a0\u00bbdefault\u00a0\u00bb hover_enabled=\u00a0\u00bb0&Prime; global_colors_info=\u00a0\u00bb{}\u00a0\u00bb sticky_enabled=\u00a0\u00bb0&Prime;]<a href=\"https:\/\/www.iubenda.com\/privacy-policy\/44562265\" class=\"iubenda-nostyle no-brand iubenda-noiframe iubenda-embed iubenda-noiframe iub-body-embed\" title=\"Politique de confidentialit\u00e9\">Politique de confidentialit\u00e9<\/a><script type=\"text\/javascript\">(function (w,d) {var loader = function () {var s = d.createElement(\"script\"), tag = d.getElementsByTagName(\"script\")[0]; s.src=\"https:\/\/cdn.iubenda.com\/iubenda.js\"; tag.parentNode.insertBefore(s,tag);}; if(w.addEventListener){w.addEventListener(\"load\", loader, false);}else if(w.attachEvent){w.attachEvent(\"onload\", loader);}else{w.onload = loader;}})(window, document);<\/script>[\/et_pb_text][\/et_pb_column][\/et_pb_row][\/et_pb_section]<\/p>\n","protected":false},"excerpt":{"rendered":"<p>Politique de confidentialit\u00e9Politique de confidentialit\u00e9<\/p>\n","protected":false},"author":1,"featured_media":0,"parent":0,"menu_order":0,"comment_status":"closed","ping_status":"open","template":"","meta":{"_et_pb_use_builder":"on","_et_pb_old_content":"","_et_gb_content_width":"","inline_featured_image":false,"footnotes":""},"class_list":["post-311","page","type-page","status-publish","hentry"],"yoast_head":"<!-- This site is optimized with the Yoast SEO plugin v26.6 - https:\/\/yoast.com\/wordpress\/plugins\/seo\/ -->\n<title>Politique de confidentialit\u00e9 - Fria Korean beauty<\/title>\n<meta name=\"robots\" content=\"index, follow, max-snippet:-1, max-image-preview:large, max-video-preview:-1\" \/>\n<link rel=\"canonical\" href=\"https:\/\/koreanbeauty.fria.it\/fr\/politique-de-confidentialite\/\" \/>\n<meta property=\"og:locale\" content=\"fr_FR\" \/>\n<meta property=\"og:type\" content=\"article\" \/>\n<meta property=\"og:title\" content=\"Politique de confidentialit\u00e9 - Fria Korean beauty\" \/>\n<meta property=\"og:description\" content=\"Politique de confidentialit\u00e9Politique de confidentialit\u00e9\" \/>\n<meta property=\"og:url\" content=\"https:\/\/koreanbeauty.fria.it\/fr\/politique-de-confidentialite\/\" \/>\n<meta property=\"og:site_name\" content=\"Fria Korean beauty\" \/>\n<meta property=\"article:modified_time\" content=\"2024-10-11T13:24:55+00:00\" \/>\n<meta name=\"twitter:card\" content=\"summary_large_image\" \/>\n<script type=\"application\/ld+json\" class=\"yoast-schema-graph\">{\"@context\":\"https:\/\/schema.org\",\"@graph\":[{\"@type\":\"WebPage\",\"@id\":\"https:\/\/koreanbeauty.fria.it\/fr\/politique-de-confidentialite\/\",\"url\":\"https:\/\/koreanbeauty.fria.it\/fr\/politique-de-confidentialite\/\",\"name\":\"Politique de confidentialit\u00e9 - Fria Korean beauty\",\"isPartOf\":{\"@id\":\"https:\/\/koreanbeauty.fria.it\/fr\/#website\"},\"datePublished\":\"2024-10-02T15:03:58+00:00\",\"dateModified\":\"2024-10-11T13:24:55+00:00\",\"breadcrumb\":{\"@id\":\"https:\/\/koreanbeauty.fria.it\/fr\/politique-de-confidentialite\/#breadcrumb\"},\"inLanguage\":\"fr-FR\",\"potentialAction\":[{\"@type\":\"ReadAction\",\"target\":[\"https:\/\/koreanbeauty.fria.it\/fr\/politique-de-confidentialite\/\"]}]},{\"@type\":\"BreadcrumbList\",\"@id\":\"https:\/\/koreanbeauty.fria.it\/fr\/politique-de-confidentialite\/#breadcrumb\",\"itemListElement\":[{\"@type\":\"ListItem\",\"position\":1,\"name\":\"Home\",\"item\":\"https:\/\/koreanbeauty.fria.it\/fr\/korean-beauty-by-fria-2\/\"},{\"@type\":\"ListItem\",\"position\":2,\"name\":\"Politique de confidentialit\u00e9\"}]},{\"@type\":\"WebSite\",\"@id\":\"https:\/\/koreanbeauty.fria.it\/fr\/#website\",\"url\":\"https:\/\/koreanbeauty.fria.it\/fr\/\",\"name\":\"Fria Korean beauty\",\"description\":\"Fria.it\",\"potentialAction\":[{\"@type\":\"SearchAction\",\"target\":{\"@type\":\"EntryPoint\",\"urlTemplate\":\"https:\/\/koreanbeauty.fria.it\/fr\/?s={search_term_string}\"},\"query-input\":{\"@type\":\"PropertyValueSpecification\",\"valueRequired\":true,\"valueName\":\"search_term_string\"}}],\"inLanguage\":\"fr-FR\"}]}<\/script>\n<!-- \/ Yoast SEO plugin. -->","yoast_head_json":{"title":"Politique de confidentialit\u00e9 - Fria Korean beauty","robots":{"index":"index","follow":"follow","max-snippet":"max-snippet:-1","max-image-preview":"max-image-preview:large","max-video-preview":"max-video-preview:-1"},"canonical":"https:\/\/koreanbeauty.fria.it\/fr\/politique-de-confidentialite\/","og_locale":"fr_FR","og_type":"article","og_title":"Politique de confidentialit\u00e9 - Fria Korean beauty","og_description":"Politique de confidentialit\u00e9Politique de confidentialit\u00e9","og_url":"https:\/\/koreanbeauty.fria.it\/fr\/politique-de-confidentialite\/","og_site_name":"Fria Korean beauty","article_modified_time":"2024-10-11T13:24:55+00:00","twitter_card":"summary_large_image","schema":{"@context":"https:\/\/schema.org","@graph":[{"@type":"WebPage","@id":"https:\/\/koreanbeauty.fria.it\/fr\/politique-de-confidentialite\/","url":"https:\/\/koreanbeauty.fria.it\/fr\/politique-de-confidentialite\/","name":"Politique de confidentialit\u00e9 - Fria Korean beauty","isPartOf":{"@id":"https:\/\/koreanbeauty.fria.it\/fr\/#website"},"datePublished":"2024-10-02T15:03:58+00:00","dateModified":"2024-10-11T13:24:55+00:00","breadcrumb":{"@id":"https:\/\/koreanbeauty.fria.it\/fr\/politique-de-confidentialite\/#breadcrumb"},"inLanguage":"fr-FR","potentialAction":[{"@type":"ReadAction","target":["https:\/\/koreanbeauty.fria.it\/fr\/politique-de-confidentialite\/"]}]},{"@type":"BreadcrumbList","@id":"https:\/\/koreanbeauty.fria.it\/fr\/politique-de-confidentialite\/#breadcrumb","itemListElement":[{"@type":"ListItem","position":1,"name":"Home","item":"https:\/\/koreanbeauty.fria.it\/fr\/korean-beauty-by-fria-2\/"},{"@type":"ListItem","position":2,"name":"Politique de confidentialit\u00e9"}]},{"@type":"WebSite","@id":"https:\/\/koreanbeauty.fria.it\/fr\/#website","url":"https:\/\/koreanbeauty.fria.it\/fr\/","name":"Fria Korean beauty","description":"Fria.it","potentialAction":[{"@type":"SearchAction","target":{"@type":"EntryPoint","urlTemplate":"https:\/\/koreanbeauty.fria.it\/fr\/?s={search_term_string}"},"query-input":{"@type":"PropertyValueSpecification","valueRequired":true,"valueName":"search_term_string"}}],"inLanguage":"fr-FR"}]}},"_links":{"self":[{"href":"https:\/\/koreanbeauty.fria.it\/fr\/wp-json\/wp\/v2\/pages\/311","targetHints":{"allow":["GET"]}}],"collection":[{"href":"https:\/\/koreanbeauty.fria.it\/fr\/wp-json\/wp\/v2\/pages"}],"about":[{"href":"https:\/\/koreanbeauty.fria.it\/fr\/wp-json\/wp\/v2\/types\/page"}],"author":[{"embeddable":true,"href":"https:\/\/koreanbeauty.fria.it\/fr\/wp-json\/wp\/v2\/users\/1"}],"replies":[{"embeddable":true,"href":"https:\/\/koreanbeauty.fria.it\/fr\/wp-json\/wp\/v2\/comments?post=311"}],"version-history":[{"count":5,"href":"https:\/\/koreanbeauty.fria.it\/fr\/wp-json\/wp\/v2\/pages\/311\/revisions"}],"predecessor-version":[{"id":436,"href":"https:\/\/koreanbeauty.fria.it\/fr\/wp-json\/wp\/v2\/pages\/311\/revisions\/436"}],"wp:attachment":[{"href":"https:\/\/koreanbeauty.fria.it\/fr\/wp-json\/wp\/v2\/media?parent=311"}],"curies":[{"name":"wp","href":"https:\/\/api.w.org\/{rel}","templated":true}]}}